{"id":5470,"date":"2021-03-17T08:56:02","date_gmt":"2021-03-17T08:56:02","guid":{"rendered":"https:\/\/zaioverbikes.com\/index.php\/about-us\/"},"modified":"2024-01-11T12:02:53","modified_gmt":"2024-01-11T15:02:53","slug":"about-us","status":"publish","type":"page","link":"https:\/\/zaioverbikes.com\/index.php\/about-us\/","title":{"rendered":"About Us"},"content":{"rendered":"\t\t<div data-elementor-type=\"wp-page\" data-elementor-id=\"5470\" class=\"elementor elementor-5470\">\n\t\t\t\t\t\t\t\t\t<section class=\"elementor-section elementor-top-section elementor-element elementor-element-61a5f05 elementor-section-boxed elementor-section-height-default elementor-section-height-default\" data-id=\"61a5f05\" data-element_type=\"section\" data-settings=\"{&quot;background_background&quot;:&quot;classic&quot;}\">\n\t\t\t\t\t\t\t<div class=\"elementor-background-overlay\"><\/div>\n\t\t\t\t\t\t\t<div class=\"elementor-container elementor-column-gap-no\">\n\t\t\t\t\t<div class=\"elementor-column elementor-col-100 elementor-top-column elementor-element elementor-element-fc3dbda\" data-id=\"fc3dbda\" data-element_type=\"column\">\n\t\t\t<div class=\"elementor-widget-wrap elementor-element-populated\">\n\t\t\t\t\t\t\t\t<div class=\"elementor-element elementor-element-ce7f049 elementor-widget elementor-widget-heading\" data-id=\"ce7f049\" data-element_type=\"widget\" data-widget_type=\"heading.default\">\n\t\t\t\t<div class=\"elementor-widget-container\">\n\t\t\t<style>\/*! elementor - v3.18.0 - 20-12-2023 *\/\n.elementor-heading-title{padding:0;margin:0;line-height:1}.elementor-widget-heading .elementor-heading-title[class*=elementor-size-]>a{color:inherit;font-size:inherit;line-height:inherit}.elementor-widget-heading .elementor-heading-title.elementor-size-small{font-size:15px}.elementor-widget-heading .elementor-heading-title.elementor-size-medium{font-size:19px}.elementor-widget-heading .elementor-heading-title.elementor-size-large{font-size:29px}.elementor-widget-heading .elementor-heading-title.elementor-size-xl{font-size:39px}.elementor-widget-heading .elementor-heading-title.elementor-size-xxl{font-size:59px}<\/style><h1 class=\"elementor-heading-title elementor-size-xl\">Descubre la pasi\u00f3n por el ciclismo con nosotros<br><\/h1>\t\t<\/div>\n\t\t\t\t<\/div>\n\t\t\t\t<div class=\"elementor-element elementor-element-59aa966 elementor-invisible elementor-widget elementor-widget-heading\" data-id=\"59aa966\" data-element_type=\"widget\" data-settings=\"{&quot;_animation&quot;:&quot;fadeIn&quot;}\" data-widget_type=\"heading.default\">\n\t\t\t\t<div class=\"elementor-widget-container\">\n\t\t\t<h1 class=\"elementor-heading-title elementor-size-medium\">En ZAIOVER, llevamos m\u00e1s de 40 a\u00f1os en el coraz\u00f3n del ciclismo, siendo una empresa familiar que ha evolucionado con el tiempo. Desde nuestros modestos comienzos hasta hoy, hemos crecido y nos hemos consolidado en la fabricaci\u00f3n y comercializaci\u00f3n de bicicletas, repuestos y accesorios. Nos enorgullece ser proveedor de grandes armadores, bicicleter\u00edas y reparadores del pa\u00eds. Nuestra fortaleza radica no solo en la calidad y variedad de productos, sino tambi\u00e9n en las s\u00f3lidas relaciones que hemos construido a lo largo de los a\u00f1os con nuestros valiosos proveedores y clientes. Estas conexiones nos permiten ofrecer una amplia gama de opciones<\/h1>\t\t<\/div>\n\t\t\t\t<\/div>\n\t\t\t\t\t<\/div>\n\t\t<\/div>\n\t\t\t\t\t\t\t<\/div>\n\t\t<\/section>\n\t\t\t\t<section class=\"elementor-section elementor-top-section elementor-element elementor-element-5110ac2 elementor-section-boxed elementor-section-height-default elementor-section-height-default\" data-id=\"5110ac2\" data-element_type=\"section\" data-settings=\"{&quot;background_background&quot;:&quot;classic&quot;}\">\n\t\t\t\t\t\t\t<div class=\"elementor-background-overlay\"><\/div>\n\t\t\t\t\t\t\t<div class=\"elementor-container elementor-column-gap-no\">\n\t\t\t\t\t<div class=\"elementor-column elementor-col-100 elementor-top-column elementor-element elementor-element-d96fbe3\" data-id=\"d96fbe3\" data-element_type=\"column\">\n\t\t\t<div class=\"elementor-widget-wrap elementor-element-populated\">\n\t\t\t\t\t\t\t\t<div class=\"elementor-element elementor-element-dbace0a elementor-widget elementor-widget-heading\" data-id=\"dbace0a\" data-element_type=\"widget\" data-widget_type=\"heading.default\">\n\t\t\t\t<div class=\"elementor-widget-container\">\n\t\t\t<h1 class=\"elementor-heading-title elementor-size-xl\">Compromiso con la calidad y seguridad<\/h1>\t\t<\/div>\n\t\t\t\t<\/div>\n\t\t\t\t<div class=\"elementor-element elementor-element-5c854a3 elementor-invisible elementor-widget elementor-widget-heading\" data-id=\"5c854a3\" data-element_type=\"widget\" data-settings=\"{&quot;_animation&quot;:&quot;fadeIn&quot;}\" data-widget_type=\"heading.default\">\n\t\t\t\t<div class=\"elementor-widget-container\">\n\t\t\t<h1 class=\"elementor-heading-title elementor-size-medium\">Ofrecemos productos de la m\u00e1s alta calidad, enfoc\u00e1ndonos siempre en la seguridad y satisfacci\u00f3n del consumidor. La pasi\u00f3n por el ciclismo nos impulsa a brindar opciones que no solo satisfacen las necesidades de los ciclistas, sino que tambi\u00e9n priorizan su seguridad en cada recorrido<\/h1>\t\t<\/div>\n\t\t\t\t<\/div>\n\t\t\t\t\t<\/div>\n\t\t<\/div>\n\t\t\t\t\t\t\t<\/div>\n\t\t<\/section>\n\t\t<div class=\"elementor-element elementor-element-924743b e-flex e-con-boxed elementor-invisible e-con e-parent\" data-id=\"924743b\" data-element_type=\"container\" data-settings=\"{&quot;background_background&quot;:&quot;classic&quot;,&quot;shape_divider_top&quot;:&quot;mountains&quot;,&quot;animation&quot;:&quot;fadeIn&quot;,&quot;content_width&quot;:&quot;boxed&quot;}\" data-core-v316-plus=\"true\">\n\t\t\t\t\t<div class=\"e-con-inner\">\n\t\t\t\t<div class=\"elementor-shape elementor-shape-top\" data-negative=\"false\">\n\t\t\t<svg xmlns=\"http:\/\/www.w3.org\/2000\/svg\" viewBox=\"0 0 1000 100\" preserveAspectRatio=\"none\">\n\t<path class=\"elementor-shape-fill\" opacity=\"0.33\" d=\"M473,67.3c-203.9,88.3-263.1-34-320.3,0C66,119.1,0,59.7,0,59.7V0h1000v59.7 c0,0-62.1,26.1-94.9,29.3c-32.8,3.3-62.8-12.3-75.8-22.1C806,49.6,745.3,8.7,694.9,4.7S492.4,59,473,67.3z\"\/>\n\t<path class=\"elementor-shape-fill\" opacity=\"0.66\" d=\"M734,67.3c-45.5,0-77.2-23.2-129.1-39.1c-28.6-8.7-150.3-10.1-254,39.1 s-91.7-34.4-149.2,0C115.7,118.3,0,39.8,0,39.8V0h1000v36.5c0,0-28.2-18.5-92.1-18.5C810.2,18.1,775.7,67.3,734,67.3z\"\/>\n\t<path class=\"elementor-shape-fill\" d=\"M766.1,28.9c-200-57.5-266,65.5-395.1,19.5C242,1.8,242,5.4,184.8,20.6C128,35.8,132.3,44.9,89.9,52.5C28.6,63.7,0,0,0,0 h1000c0,0-9.9,40.9-83.6,48.1S829.6,47,766.1,28.9z\"\/>\n<\/svg>\t\t<\/div>\n\t\t<div class=\"elementor-element elementor-element-2175667 e-con-full e-flex e-con e-child\" data-id=\"2175667\" data-element_type=\"container\" data-settings=\"{&quot;content_width&quot;:&quot;full&quot;}\">\n\t\t\t\t<div class=\"elementor-element elementor-element-e82c5cb elementor-widget__width-initial elementor-widget elementor-widget-heading\" data-id=\"e82c5cb\" data-element_type=\"widget\" data-widget_type=\"heading.default\">\n\t\t\t\t<div class=\"elementor-widget-container\">\n\t\t\t<h2 class=\"elementor-heading-title elementor-size-default\">Variedad sin L\u00edmites: Nacional e Importado<\/h2>\t\t<\/div>\n\t\t\t\t<\/div>\n\t\t<div class=\"elementor-element elementor-element-a5590e5 e-flex e-con-boxed e-con e-child\" data-id=\"a5590e5\" data-element_type=\"container\" data-settings=\"{&quot;content_width&quot;:&quot;boxed&quot;}\">\n\t\t\t\t\t<div class=\"e-con-inner\">\n\t\t\t\t<div class=\"elementor-element elementor-element-eb68451 elementor-widget elementor-widget-image\" data-id=\"eb68451\" data-element_type=\"widget\" data-widget_type=\"image.default\">\n\t\t\t\t<div class=\"elementor-widget-container\">\n\t\t\t<style>\/*! elementor - v3.18.0 - 20-12-2023 *\/\n.elementor-widget-image{text-align:center}.elementor-widget-image a{display:inline-block}.elementor-widget-image a img[src$=\".svg\"]{width:48px}.elementor-widget-image img{vertical-align:middle;display:inline-block}<\/style>\t\t\t\t\t\t\t\t\t\t\t\t<img fetchpriority=\"high\" decoding=\"async\" width=\"980\" height=\"553\" src=\"https:\/\/zaioverbikes.com\/wp-content\/uploads\/2023\/11\/1525356592_500341_1525363833_noticia_normal.jpg\" class=\"attachment-large size-large wp-image-6799\" alt=\"\" srcset=\"https:\/\/zaioverbikes.com\/wp-content\/uploads\/2023\/11\/1525356592_500341_1525363833_noticia_normal.jpg 980w, https:\/\/zaioverbikes.com\/wp-content\/uploads\/2023\/11\/1525356592_500341_1525363833_noticia_normal-300x169.jpg 300w, https:\/\/zaioverbikes.com\/wp-content\/uploads\/2023\/11\/1525356592_500341_1525363833_noticia_normal-768x433.jpg 768w, https:\/\/zaioverbikes.com\/wp-content\/uploads\/2023\/11\/1525356592_500341_1525363833_noticia_normal-600x339.jpg 600w\" sizes=\"(max-width: 980px) 100vw, 980px\" \/>\t\t\t\t\t\t\t\t\t\t\t\t\t\t\t<\/div>\n\t\t\t\t<\/div>\n\t\t\t\t\t<\/div>\n\t\t\t\t<\/div>\n\t\t\t\t<\/div>\n\t\t<div class=\"elementor-element elementor-element-43f8fb9 e-flex e-con-boxed e-con e-child\" data-id=\"43f8fb9\" data-element_type=\"container\" data-settings=\"{&quot;content_width&quot;:&quot;boxed&quot;}\">\n\t\t\t\t\t<div class=\"e-con-inner\">\n\t\t\t\t<div class=\"elementor-element elementor-element-67d7435 elementor-widget__width-initial elementor-widget elementor-widget-image\" data-id=\"67d7435\" data-element_type=\"widget\" data-widget_type=\"image.default\">\n\t\t\t\t<div class=\"elementor-widget-container\">\n\t\t\t\t\t\t\t\t\t\t\t\t\t\t\t<img decoding=\"async\" width=\"680\" height=\"383\" src=\"https:\/\/zaioverbikes.com\/wp-content\/uploads\/2023\/11\/viajes-en-bicicleta-turismo-sostenible-680x383-1.jpg\" class=\"attachment-large size-large wp-image-6798\" alt=\"\" srcset=\"https:\/\/zaioverbikes.com\/wp-content\/uploads\/2023\/11\/viajes-en-bicicleta-turismo-sostenible-680x383-1.jpg 680w, https:\/\/zaioverbikes.com\/wp-content\/uploads\/2023\/11\/viajes-en-bicicleta-turismo-sostenible-680x383-1-300x169.jpg 300w, https:\/\/zaioverbikes.com\/wp-content\/uploads\/2023\/11\/viajes-en-bicicleta-turismo-sostenible-680x383-1-600x338.jpg 600w\" sizes=\"(max-width: 680px) 100vw, 680px\" \/>\t\t\t\t\t\t\t\t\t\t\t\t\t\t\t<\/div>\n\t\t\t\t<\/div>\n\t\t\t\t<div class=\"elementor-element elementor-element-88c501c elementor-widget elementor-widget-heading\" data-id=\"88c501c\" data-element_type=\"widget\" data-widget_type=\"heading.default\">\n\t\t\t\t<div class=\"elementor-widget-container\">\n\t\t\t<h2 class=\"elementor-heading-title elementor-size-medium\">En ZAIOVER, creemos en la diversidad y la elecci\u00f3n. Es por eso que ofrecemos una amplia gama de productos, tanto nacionales como importados, para que encuentres la bicicleta perfecta, los repuestos ideales y los accesorios que se adapten a tus necesidades y estilo de vida. La variedad es nuestra fortaleza, y la calidad es nuestra garant\u00eda<\/h2>\t\t<\/div>\n\t\t\t\t<\/div>\n\t\t\t\t\t<\/div>\n\t\t\t\t<\/div>\n\t\t\t\t\t<\/div>\n\t\t\t\t<\/div>\n\t\t\t\t<section class=\"elementor-section elementor-top-section elementor-element elementor-element-697e68a elementor-section-boxed elementor-section-height-default elementor-section-height-default\" data-id=\"697e68a\" data-element_type=\"section\" data-settings=\"{&quot;background_background&quot;:&quot;classic&quot;}\">\n\t\t\t\t\t\t\t<div class=\"elementor-background-overlay\"><\/div>\n\t\t\t\t\t\t\t<div class=\"elementor-container elementor-column-gap-no\">\n\t\t\t\t\t<div class=\"elementor-column elementor-col-100 elementor-top-column elementor-element elementor-element-04e4e85\" data-id=\"04e4e85\" data-element_type=\"column\">\n\t\t\t<div class=\"elementor-widget-wrap elementor-element-populated\">\n\t\t\t\t\t\t\t\t<div class=\"elementor-element elementor-element-6df7c60 elementor-widget__width-initial elementor-widget elementor-widget-heading\" data-id=\"6df7c60\" data-element_type=\"widget\" data-widget_type=\"heading.default\">\n\t\t\t\t<div class=\"elementor-widget-container\">\n\t\t\t<h1 class=\"elementor-heading-title elementor-size-default\">Precios Competitivos sin comprometer la calidad!<\/h1>\t\t<\/div>\n\t\t\t\t<\/div>\n\t\t\t\t<div class=\"elementor-element elementor-element-ad245f9 elementor-invisible elementor-widget elementor-widget-heading\" data-id=\"ad245f9\" data-element_type=\"widget\" data-settings=\"{&quot;_animation&quot;:&quot;fadeIn&quot;}\" data-widget_type=\"heading.default\">\n\t\t\t\t<div class=\"elementor-widget-container\">\n\t\t\t<h1 class=\"elementor-heading-title elementor-size-medium\">Entendemos la importancia de obtener productos de calidad a precios accesibles. En ZAIOVER, trabajamos arduamente para garantizar que nuestros productos tengan una excelente relaci\u00f3n precio-calidad. Queremos que disfrutes de la experiencia del ciclismo sin que esto signifique comprometer tu econom\u00eda o la de tus clientes<\/h1>\t\t<\/div>\n\t\t\t\t<\/div>\n\t\t\t\t<div class=\"elementor-element elementor-element-b8b6f75 elementor-align-center elementor-widget elementor-widget-button\" data-id=\"b8b6f75\" data-element_type=\"widget\" data-widget_type=\"button.default\">\n\t\t\t\t<div class=\"elementor-widget-container\">\n\t\t\t\t\t<div class=\"elementor-button-wrapper\">\n\t\t\t<a class=\"elementor-button elementor-button-link elementor-size-sm\" href=\"https:\/\/zaioverbikes.com\/index.php\/shop-2\">\n\t\t\t\t\t\t<span class=\"elementor-button-content-wrapper\">\n\t\t\t\t\t\t<span class=\"elementor-button-text\">NUESTROS PRODUCTOS<\/span>\n\t\t<\/span>\n\t\t\t\t\t<\/a>\n\t\t<\/div>\n\t\t\t\t<\/div>\n\t\t\t\t<\/div>\n\t\t\t\t\t<\/div>\n\t\t<\/div>\n\t\t\t\t\t\t\t<\/div>\n\t\t<\/section>\n\t\t\t\t\t\t\t<\/div>\n\t\t","protected":false},"excerpt":{"rendered":"<p>Descubre la pasi\u00f3n por el ciclismo con nosotros En ZAIOVER, llevamos m\u00e1s de 40 a\u00f1os en el coraz\u00f3n del ciclismo, siendo una empresa familiar que ha evolucionado con el tiempo. Desde nuestros modestos comienzos hasta hoy, hemos crecido y nos hemos consolidado en la fabricaci\u00f3n y comercializaci\u00f3n de bicicletas, repuestos y accesorios. Nos enorgullece ser &hellip;<\/p>\n<p class=\"read-more\"> <a class=\"\" href=\"https:\/\/zaioverbikes.com\/index.php\/about-us\/\"> <span class=\"screen-reader-text\">About Us<\/span> Leer m\u00e1s &raquo;<\/a><\/p>\n","protected":false},"author":1,"featured_media":0,"parent":0,"menu_order":0,"comment_status":"closed","ping_status":"closed","template":"","meta":{"om_disable_all_campaigns":false,"_uag_custom_page_level_css":"","_monsterinsights_skip_tracking":false,"_monsterinsights_sitenote_active":false,"_monsterinsights_sitenote_note":"","_monsterinsights_sitenote_category":0,"site-sidebar-layout":"no-sidebar","site-content-layout":"page-builder","ast-site-content-layout":"full-width-container","site-content-style":"unboxed","site-sidebar-style":"unboxed","ast-global-header-display":"","ast-banner-title-visibility":"","ast-main-header-display":"","ast-hfb-above-header-display":"","ast-hfb-below-header-display":"","ast-hfb-mobile-header-display":"","site-post-title":"disabled","ast-breadcrumbs-content":"disabled","ast-featured-img":"disabled","footer-sml-layout":"","theme-transparent-header-meta":"enabled","adv-header-id-meta":"","stick-header-meta":"","header-above-stick-meta":"","header-main-stick-meta":"","header-below-stick-meta":"","astra-migrate-meta-layouts":"set","ast-page-background-enabled":"default","ast-page-background-meta":{"desktop":{"background-color":"","background-image":"","background-repeat":"repeat","background-position":"center center","background-size":"auto","background-attachment":"scroll","background-type":"","background-media":"","overlay-type":"","overlay-color":"","overlay-gradient":""},"tablet":{"background-color":"","background-image":"","background-repeat":"repeat","background-position":"center center","background-size":"auto","background-attachment":"scroll","background-type":"","background-media":"","overlay-type":"","overlay-color":"","overlay-gradient":""},"mobile":{"background-color":"","background-image":"","background-repeat":"repeat","background-position":"center center","background-size":"auto","background-attachment":"scroll","background-type":"","background-media":"","overlay-type":"","overlay-color":"","overlay-gradient":""}},"ast-content-background-meta":{"desktop":{"background-color":"var(--ast-global-color-5)","background-image":"","background-repeat":"repeat","background-position":"center center","background-size":"auto","background-attachment":"scroll","background-type":"","background-media":"","overlay-type":"","overlay-color":"","overlay-gradient":""},"tablet":{"background-color":"var(--ast-global-color-5)","background-image":"","background-repeat":"repeat","background-position":"center center","background-size":"auto","background-attachment":"scroll","background-type":"","background-media":"","overlay-type":"","overlay-color":"","overlay-gradient":""},"mobile":{"background-color":"var(--ast-global-color-5)","background-image":"","background-repeat":"repeat","background-position":"center center","background-size":"auto","background-attachment":"scroll","background-type":"","background-media":"","overlay-type":"","overlay-color":"","overlay-gradient":""}},"footnotes":""},"aioseo_notices":[],"uagb_featured_image_src":{"full":false,"thumbnail":false,"medium":false,"medium_large":false,"large":false,"1536x1536":false,"2048x2048":false,"woocommerce_thumbnail":false,"woocommerce_single":false,"woocommerce_gallery_thumbnail":false},"uagb_author_info":{"display_name":"zaioverbikes.com","author_link":"https:\/\/zaioverbikes.com\/index.php\/author\/zaioverbikes-com\/"},"uagb_comment_info":0,"uagb_excerpt":"Descubre la pasi\u00f3n por el ciclismo con nosotros En ZAIOVER, llevamos m\u00e1s de 40 a\u00f1os en el coraz\u00f3n del ciclismo, siendo una empresa familiar que ha evolucionado con el tiempo. Desde nuestros modestos comienzos hasta hoy, hemos crecido y nos hemos consolidado en la fabricaci\u00f3n y comercializaci\u00f3n de bicicletas, repuestos y accesorios. Nos enorgullece ser&hellip;","_links":{"self":[{"href":"https:\/\/zaioverbikes.com\/index.php\/wp-json\/wp\/v2\/pages\/5470"}],"collection":[{"href":"https:\/\/zaioverbikes.com\/index.php\/wp-json\/wp\/v2\/pages"}],"about":[{"href":"https:\/\/zaioverbikes.com\/index.php\/wp-json\/wp\/v2\/types\/page"}],"author":[{"embeddable":true,"href":"https:\/\/zaioverbikes.com\/index.php\/wp-json\/wp\/v2\/users\/1"}],"replies":[{"embeddable":true,"href":"https:\/\/zaioverbikes.com\/index.php\/wp-json\/wp\/v2\/comments?post=5470"}],"version-history":[{"count":29,"href":"https:\/\/zaioverbikes.com\/index.php\/wp-json\/wp\/v2\/pages\/5470\/revisions"}],"predecessor-version":[{"id":6919,"href":"https:\/\/zaioverbikes.com\/index.php\/wp-json\/wp\/v2\/pages\/5470\/revisions\/6919"}],"wp:attachment":[{"href":"https:\/\/zaioverbikes.com\/index.php\/wp-json\/wp\/v2\/media?parent=5470"}],"curies":[{"name":"wp","href":"https:\/\/api.w.org\/{rel}","templated":true}]}}